{"id":17,"date":"2017-09-07T23:02:14","date_gmt":"2017-09-07T22:02:14","guid":{"rendered":"http:\/\/fr.newsoft-dz.com\/?page_id=17"},"modified":"2017-10-02T22:08:27","modified_gmt":"2017-10-02T21:08:27","slug":"qui-somme-nous","status":"publish","type":"page","link":"https:\/\/fr.newsoft-dz.com\/?page_id=17","title":{"rendered":"Qui somme nous"},"content":{"rendered":"<p>Cr\u00e9\u00e9 en 2006, <strong>Newsoft<\/strong> est sp\u00e9cialis\u00e9 dans le d\u00e9veloppement des logiciels de gestion et la conception de sites Web pour particuliers et entreprises.<!--more--><br \/>\nGr\u00e2ce \u00e0 plusieurs ann\u00e9es d&rsquo;exp\u00e9rience en recherche dans le domaine du d\u00e9veloppement, <strong>Newsoft<\/strong> qui compte plusieurs experts dans le domaine de d&rsquo;informatique , peut se sp\u00e9cialiser dans:<\/p>\n<ul>\n<li>La conception et la r\u00e9alisation des Logiciels de gestion.<\/li>\n<li>La conception et le r\u00e9alisation des sites web Statiques et dynamiques.<\/li>\n<\/ul>\n<p><strong>Newsoft<\/strong> prend soin de sa gamme de logiciels d&rsquo;une fa\u00e7on continue afin que nos clients b\u00e9n\u00e9ficient des nouvelles fonctionnalit\u00e9s incluses dans chaque nouvelle version.<\/p>\n","protected":false},"excerpt":{"rendered":"<p>Cr\u00e9\u00e9 en 2006, Newsoft est sp\u00e9cialis\u00e9 dans le d\u00e9veloppement des logiciels de gestion et la conception de sites Web pour particuliers et entreprises.<\/p>\n","protected":false},"author":1,"featured_media":0,"parent":0,"menu_order":0,"comment_status":"closed","ping_status":"closed","template":"","meta":{"footnotes":""},"_links":{"self":[{"href":"https:\/\/fr.newsoft-dz.com\/index.php?rest_route=\/wp\/v2\/pages\/17"}],"collection":[{"href":"https:\/\/fr.newsoft-dz.com\/index.php?rest_route=\/wp\/v2\/pages"}],"about":[{"href":"https:\/\/fr.newsoft-dz.com\/index.php?rest_route=\/wp\/v2\/types\/page"}],"author":[{"embeddable":true,"href":"https:\/\/fr.newsoft-dz.com\/index.php?rest_route=\/wp\/v2\/users\/1"}],"replies":[{"embeddable":true,"href":"https:\/\/fr.newsoft-dz.com\/index.php?rest_route=%2Fwp%2Fv2%2Fcomments&post=17"}],"version-history":[{"count":10,"href":"https:\/\/fr.newsoft-dz.com\/index.php?rest_route=\/wp\/v2\/pages\/17\/revisions"}],"predecessor-version":[{"id":303,"href":"https:\/\/fr.newsoft-dz.com\/index.php?rest_route=\/wp\/v2\/pages\/17\/revisions\/303"}],"wp:attachment":[{"href":"https:\/\/fr.newsoft-dz.com\/index.php?rest_route=%2Fwp%2Fv2%2Fmedia&parent=17"}],"curies":[{"name":"wp","href":"https:\/\/api.w.org\/{rel}","templated":true}]}}