{"id":66,"date":"2017-09-08T22:42:09","date_gmt":"2017-09-08T21:42:09","guid":{"rendered":"http:\/\/fr.newsoft-dz.com\/?page_id=66"},"modified":"2017-10-02T20:44:58","modified_gmt":"2017-10-02T19:44:58","slug":"stock-9","status":"publish","type":"page","link":"https:\/\/fr.newsoft-dz.com\/?page_id=66","title":{"rendered":"Stock 9"},"content":{"rendered":"<p style=\"text-align: center;\"><span style=\"font-size: 15px; font-weight: 800; text-align: center;\">Newsoft Stock 9<\/span><\/p>\n<p><img decoding=\"async\" loading=\"lazy\" class=\"aligncenter wp-image-132\" src=\"https:\/\/fr.newsoft-dz.com\/wp-content\/uploads\/2017\/09\/Stock9-1-300x300.png\" alt=\"\" width=\"512\" height=\"512\" srcset=\"https:\/\/fr.newsoft-dz.com\/wp-content\/uploads\/2017\/09\/Stock9-1-300x300.png 300w, https:\/\/fr.newsoft-dz.com\/wp-content\/uploads\/2017\/09\/Stock9-1-150x150.png 150w, https:\/\/fr.newsoft-dz.com\/wp-content\/uploads\/2017\/09\/Stock9-1-768x768.png 768w, https:\/\/fr.newsoft-dz.com\/wp-content\/uploads\/2017\/09\/Stock9-1-100x100.png 100w, https:\/\/fr.newsoft-dz.com\/wp-content\/uploads\/2017\/09\/Stock9-1.png 1024w\" sizes=\"(max-width: 512px) 100vw, 512px\" \/><\/p>\n<p style=\"text-align: center;\"><img decoding=\"async\" loading=\"lazy\" class=\"alignleft wp-image-125 size-full\" src=\"https:\/\/fr.newsoft-dz.com\/wp-content\/uploads\/2017\/09\/Stock9.png\" alt=\"\" width=\"1024\" height=\"1024\" \/><img decoding=\"async\" loading=\"lazy\" class=\"aligncenter wp-image-119 size-full\" src=\"https:\/\/fr.newsoft-dz.com\/wp-content\/uploads\/2017\/09\/StockBox.png\" alt=\"\" width=\"600\" height=\"600\" \/><\/p>\n<p><strong>Stock 9<\/strong> est logiciel de gestion commerciale\u00a0permettant de g\u00e9rer les documents g\u00e9n\u00e9r\u00e9s par les relations entre l&rsquo;entreprise et ses partenaires (clients, fournisseurs) ainsi que ceux li\u00e9s aux stocks.<\/p>\n<p>Pour T\u00e9l\u00e9charger la derni\u00e8re version de Newsoft Stock 9 :<\/p>\n<p><a href=\"http:\/\/newsoft-dz.com\/images\/Newsoft\/TelechargerStock.exe\"><br \/>\n<img decoding=\"async\" loading=\"lazy\" class=\"aligncenter wp-image-255 size-full\" src=\"https:\/\/fr.newsoft-dz.com\/wp-content\/uploads\/2017\/09\/Down-e1506970541662.png\" alt=\"\" width=\"64\" height=\"64\" \/><\/a><\/p>\n<p>Besoin d\u2019une Cl\u00e9 d\u2019\u00e9valuation pour la derni\u00e8re version de Newsoft Stock 9 ?, Veuillez nous\u00a0<a href=\"https:\/\/fr.newsoft-dz.com\/?page_id=106\">Contacter<\/a><\/p>\n<p style=\"padding-left: 30px;\"><strong>D\u00e9couvrez les sp\u00e9cifications du programme:<\/strong><\/p>\n<ul>\n<li><span style=\"color: #000000;\">Un programme pratique et facile \u00e0 utiliser<\/span><\/li>\n<li>Multi Dossiers : plusieurs dossiers peuvent \u00eatres g\u00e9r\u00e9s dans un seul poste<\/li>\n<li><span style=\"color: #000000;\">Multi Utilisateurs : avec les droits d\u2019acc\u00e8s<\/span><\/li>\n<li><span style=\"color: #000000;\">Prise en charge du syst\u00e8me r\u00e9seau (*)<\/span><\/li>\n<li><span style=\"color: #000000;\">Support le Code Barre<\/span><\/li>\n<li>Support les lots<\/li>\n<li><span style=\"color: #000000;\">Support la vente en gros et en d\u00e9taille\u00a0<\/span><\/li>\n<li><span style=\"color: #000000;\">Support la taxe TSE<\/span><\/li>\n<li><span style=\"color: #000000;\">Prend en charge l&rsquo;impression dans les deux langues: arabe et fran\u00e7ais<\/span><\/li>\n<li>Facturation de plusieurs enregistrements commerciaux (multi-entr\u00e9es)<\/li>\n<li><span style=\"color: #000000;\">Suivi du mouvement des stocks<\/span><\/li>\n<li><span style=\"color: #000000;\">Suivre le mouvement des clients et des fournisseurs<\/span><\/li>\n<li>Contr\u00f4le de prix (par Type de client)<\/li>\n<li><span style=\"color: #000000;\">Suivi des dettes et des avances des clients et des fournisseurs<\/span><\/li>\n<li><span style=\"color: #000000;\">Suivi des d\u00e9penses<\/span><\/li>\n<li>Les\u00a0 bons de livraison, de r\u00e9ception et les factures peuvent \u00eatre r\u00e9cup\u00e9r\u00e9s apr\u00e8s leur suppression.<\/li>\n<li><span style=\"color: #000000;\">Archivage automatique de donn\u00e9es sur disque dur et disque flash<\/span><\/li>\n<\/ul>\n<p>et plein d&rsquo;autres options et fonctionnalit\u00e9s&#8230;<\/p>\n<p>&nbsp;<\/p>\n<p><span style=\"color: #000000;\">Nos clients b\u00e9n\u00e9ficient de:<\/span><\/p>\n<ul>\n<li><span style=\"color: #000000;\">Mises \u00e0 jour logicielle gratuites durant la version encours.<\/span><\/li>\n<li><span style=\"color: #000000;\">Support technique par t\u00e9l\u00e9phone et par internet \u00e0 distance.<\/span><\/li>\n<\/ul>\n<pre>(*)\u00a0Dans Les Prochaines Versions<\/pre>\n","protected":false},"excerpt":{"rendered":"<p>Newsoft Stock 9 Stock 9 est logiciel de gestion commerciale\u00a0permettant de g\u00e9rer les documents g\u00e9n\u00e9r\u00e9s par les relations entre l&rsquo;entreprise et ses partenaires (clients, fournisseurs) ainsi que ceux li\u00e9s aux stocks. Pour T\u00e9l\u00e9charger la derni\u00e8re version de Newsoft Stock 9 : Besoin d\u2019une Cl\u00e9 d\u2019\u00e9valuation pour la derni\u00e8re version de Newsoft Stock 9 ?, Veuillez &hellip; <\/p>\n<p class=\"link-more\"><a href=\"https:\/\/fr.newsoft-dz.com\/?page_id=66\" class=\"more-link\">Continuer la lecture<span class=\"screen-reader-text\"> de &laquo;&nbsp;Stock 9&nbsp;&raquo;<\/span><\/a><\/p>\n","protected":false},"author":1,"featured_media":0,"parent":0,"menu_order":0,"comment_status":"closed","ping_status":"closed","template":"","meta":{"footnotes":""},"_links":{"self":[{"href":"https:\/\/fr.newsoft-dz.com\/index.php?rest_route=\/wp\/v2\/pages\/66"}],"collection":[{"href":"https:\/\/fr.newsoft-dz.com\/index.php?rest_route=\/wp\/v2\/pages"}],"about":[{"href":"https:\/\/fr.newsoft-dz.com\/index.php?rest_route=\/wp\/v2\/types\/page"}],"author":[{"embeddable":true,"href":"https:\/\/fr.newsoft-dz.com\/index.php?rest_route=\/wp\/v2\/users\/1"}],"replies":[{"embeddable":true,"href":"https:\/\/fr.newsoft-dz.com\/index.php?rest_route=%2Fwp%2Fv2%2Fcomments&post=66"}],"version-history":[{"count":16,"href":"https:\/\/fr.newsoft-dz.com\/index.php?rest_route=\/wp\/v2\/pages\/66\/revisions"}],"predecessor-version":[{"id":270,"href":"https:\/\/fr.newsoft-dz.com\/index.php?rest_route=\/wp\/v2\/pages\/66\/revisions\/270"}],"wp:attachment":[{"href":"https:\/\/fr.newsoft-dz.com\/index.php?rest_route=%2Fwp%2Fv2%2Fmedia&parent=66"}],"curies":[{"name":"wp","href":"https:\/\/api.w.org\/{rel}","templated":true}]}}