{"id":69,"date":"2017-09-08T22:42:32","date_gmt":"2017-09-08T21:42:32","guid":{"rendered":"http:\/\/fr.newsoft-dz.com\/?page_id=69"},"modified":"2017-10-02T22:06:19","modified_gmt":"2017-10-02T21:06:19","slug":"rentcar-7","status":"publish","type":"page","link":"https:\/\/fr.newsoft-dz.com\/?page_id=69","title":{"rendered":"Rentcar 7"},"content":{"rendered":"<p><img decoding=\"async\" loading=\"lazy\" class=\"alignleft wp-image-124 size-full\" src=\"https:\/\/fr.newsoft-dz.com\/wp-content\/uploads\/2017\/09\/Rentcar7.png\" alt=\"\" width=\"1024\" height=\"1024\" srcset=\"https:\/\/fr.newsoft-dz.com\/wp-content\/uploads\/2017\/09\/Rentcar7.png 1024w, https:\/\/fr.newsoft-dz.com\/wp-content\/uploads\/2017\/09\/Rentcar7-150x150.png 150w, https:\/\/fr.newsoft-dz.com\/wp-content\/uploads\/2017\/09\/Rentcar7-300x300.png 300w, https:\/\/fr.newsoft-dz.com\/wp-content\/uploads\/2017\/09\/Rentcar7-768x768.png 768w, https:\/\/fr.newsoft-dz.com\/wp-content\/uploads\/2017\/09\/Rentcar7-100x100.png 100w\" sizes=\"(max-width: 706px) 89vw, (max-width: 767px) 82vw, 740px\" \/><\/p>\n<p>Newsoft <strong>RentCar<\/strong> en quelques Lignes<\/p>\n<ul>\n<li>Un programme pratique et facile \u00e0 utiliser<\/li>\n<li>Plusieurs utilisateurs peuvent \u00eatre cr\u00e9\u00e9s avec un niveau d&rsquo;acc\u00e8s pour chaque utilisateur<\/li>\n<li>Modification et impression des contrats pour particuliers ou pour entreprises<\/li>\n<li>Exploitation des contrats pr\u00e9c\u00e9dentes<\/li>\n<li>Suivre les d\u00e9penses et les revenues pour chaque V\u00e9hicule<\/li>\n<li>Imprimer les factures et les factures proforma<\/li>\n<li>Interface Bilingue<\/li>\n<li>permettre de suivre l&rsquo;entretien p\u00e9riodique du v\u00e9hicule<\/li>\n<li>Archivage automatique des donn\u00e9es<\/li>\n<\/ul>\n<p>Nos clients b\u00e9n\u00e9ficient de:<\/p>\n<ul>\n<li>Mise \u00e0 niveau logicielle gratuite pour un an (12 mois)<\/li>\n<li>Support technique par t\u00e9l\u00e9phone, et distance par internet<\/li>\n<\/ul>\n","protected":false},"excerpt":{"rendered":"<p>Newsoft RentCar en quelques Lignes Un programme pratique et facile \u00e0 utiliser Plusieurs utilisateurs peuvent \u00eatre cr\u00e9\u00e9s avec un niveau d&rsquo;acc\u00e8s pour chaque utilisateur Modification et impression des contrats pour particuliers ou pour entreprises Exploitation des contrats pr\u00e9c\u00e9dentes Suivre les d\u00e9penses et les revenues pour chaque V\u00e9hicule Imprimer les factures et les factures proforma Interface &hellip; <\/p>\n<p class=\"link-more\"><a href=\"https:\/\/fr.newsoft-dz.com\/?page_id=69\" class=\"more-link\">Continuer la lecture<span class=\"screen-reader-text\"> de &laquo;&nbsp;Rentcar 7&nbsp;&raquo;<\/span><\/a><\/p>\n","protected":false},"author":1,"featured_media":0,"parent":0,"menu_order":0,"comment_status":"closed","ping_status":"closed","template":"","meta":{"footnotes":""},"_links":{"self":[{"href":"https:\/\/fr.newsoft-dz.com\/index.php?rest_route=\/wp\/v2\/pages\/69"}],"collection":[{"href":"https:\/\/fr.newsoft-dz.com\/index.php?rest_route=\/wp\/v2\/pages"}],"about":[{"href":"https:\/\/fr.newsoft-dz.com\/index.php?rest_route=\/wp\/v2\/types\/page"}],"author":[{"embeddable":true,"href":"https:\/\/fr.newsoft-dz.com\/index.php?rest_route=\/wp\/v2\/users\/1"}],"replies":[{"embeddable":true,"href":"https:\/\/fr.newsoft-dz.com\/index.php?rest_route=%2Fwp%2Fv2%2Fcomments&post=69"}],"version-history":[{"count":6,"href":"https:\/\/fr.newsoft-dz.com\/index.php?rest_route=\/wp\/v2\/pages\/69\/revisions"}],"predecessor-version":[{"id":302,"href":"https:\/\/fr.newsoft-dz.com\/index.php?rest_route=\/wp\/v2\/pages\/69\/revisions\/302"}],"wp:attachment":[{"href":"https:\/\/fr.newsoft-dz.com\/index.php?rest_route=%2Fwp%2Fv2%2Fmedia&parent=69"}],"curies":[{"name":"wp","href":"https:\/\/api.w.org\/{rel}","templated":true}]}}